{"id":130,"date":"2022-04-18T21:39:42","date_gmt":"2022-04-18T12:39:42","guid":{"rendered":"https:\/\/sgnjpnmass.zenmai.org\/?page_id=130"},"modified":"2024-03-11T15:52:44","modified_gmt":"2024-03-11T06:52:44","slug":"huong-dan-le","status":"publish","type":"page","link":"https:\/\/sgnjpnmass.zenmai.org\/?page_id=130&lang=vi","title":{"rendered":"H\u01b0\u1edbng d\u1eabn tham l\u1ec5"},"content":{"rendered":"<h1 class=\"tittle1\">Th\u00f4ng tin chung<\/h1>\n<p>\u0110\u01b0\u1ee3c s\u1ef1 \u0111\u1ed3ng \u00fd c\u1ee7a \u00d0\u1ee9c cha Giuse Nguy\u1ec5n N\u0103ng, T\u1ed5ng Gi\u00e1m m\u1ee5c TGP TPHCM, c\u1ed9ng \u0111o\u00e0n t\u1ed5 ch\u1ee9c Th\u00e1nh l\u1ec5 ti\u1ebfng Nh\u1eadt m\u1ed7i th\u00e1ng v\u1edbi quy m\u00f4 h\u01a1n 20 ng\u01b0\u1eddi tham d\u1ef1.<br \/>\nC\u1ed9ng \u0111o\u00e0n quy t\u1ee5 c\u00e1c Kit\u00f4 h\u1eefu l\u00e0 ng\u01b0\u1eddi Nh\u1eadt s\u1ed1ng t\u1ea1i TPHCM v\u00e0 c\u00e1c v\u00f9ng ph\u1ee5 c\u1eadn; C\u00e1c tu s\u0129 nam n\u1eef ng\u01b0\u1eddi Nh\u1eadt v\u00e0 Vi\u1ec7t Nam; Gia \u0111\u00ecnh C\u00f4ng gi\u00e1o c\u00f3 ng\u01b0\u1eddi ph\u1ed1i ng\u1eabu l\u00e0 v\u1ee3 ho\u1eb7c ch\u1ed3ng ng\u01b0\u1eddi Nh\u1eadt; L\u00e0 ng\u01b0\u1eddi mu\u1ed1n t\u00ecm hi\u1ec3u v\u1ec1 C\u00f4ng gi\u00e1o; Ho\u1eb7c l\u00e0 ng\u01b0\u1eddi Vi\u1ec7t Nam c\u00f3 \u00fd mu\u1ed1n t\u00ecm hi\u1ec3u c\u1ed9ng \u0111o\u00e0n C\u00f4ng gi\u00e1o Nh\u1eadt B\u1ea3n\u2026 <\/p>\n<h1 class=\"tittle1\">Ng\u00e0y gi\u1edd <\/h1>\n<p>09:00 AM<br \/>\nCh\u1ee7 nh\u1eadt tu\u1ea7n th\u1ee9 3 m\u1ed7i th\u00e1ng<br \/>\nXem chi ti\u1ebft t\u1ea1i <a href=\"https:\/\/sgnjpnmass.zenmai.org\/category\/notice\/massguide\/\">\u0111\u00e2y <\/a><\/p>\n<h1 class=\"tittle1\">\u0110\u1ecba ch\u1ec9<\/h1>\n<p>Trung t\u00e2m m\u1ee5c v\u1ee5 T\u1ed5ng gi\u00e1o ph\u1eadn S\u00e0i G\u00f2n<br \/>\nS\u1ed1 6 \u0111\u01b0\u1eddng T\u00f4n \u0110\u1ee9c Th\u1eafng, ph\u01b0\u1eddng B\u1ebfn Ngh\u00e9, Qu\u1eadn 1<\/p>\n<p><img loading=\"lazy\" decoding=\"async\" src=\"https:\/\/sgnjpnmass.zenmai.org\/wp-content\/uploads\/2022\/05\/ttmv.png\" alt=\"\" width=\"809\" height=\"782\" class=\"alignnone size-full wp-image-173\" srcset=\"https:\/\/sgnjpnmass.zenmai.org\/wp-content\/uploads\/2022\/05\/ttmv.png 809w, https:\/\/sgnjpnmass.zenmai.org\/wp-content\/uploads\/2022\/05\/ttmv-300x290.png 300w, https:\/\/sgnjpnmass.zenmai.org\/wp-content\/uploads\/2022\/05\/ttmv-768x742.png 768w\" sizes=\"auto, (max-width: 809px) 100vw, 809px\" \/><br \/>\n&nbsp;<br \/>\n<br \/>\nT\u1ea7ng 2 c\u1ee7a t\u00f3a nh\u00e0 g\u1ea7n b\u00e3i gi\u1eef xe.<br \/>\n<a href=\"https:\/\/sgnjpnmass.zenmai.org\/wp-content\/uploads\/2024\/03\/ttmv03-1.png\"><img loading=\"lazy\" decoding=\"async\" src=\"https:\/\/sgnjpnmass.zenmai.org\/wp-content\/uploads\/2024\/03\/ttmv03-1.png\" alt=\"\" width=\"612\" height=\"551\" class=\"alignnone size-full wp-image-531\" srcset=\"https:\/\/sgnjpnmass.zenmai.org\/wp-content\/uploads\/2024\/03\/ttmv03-1.png 612w, https:\/\/sgnjpnmass.zenmai.org\/wp-content\/uploads\/2024\/03\/ttmv03-1-300x270.png 300w\" sizes=\"auto, (max-width: 612px) 100vw, 612px\" \/><\/a><a href=\"https:\/\/sgnjpnmass.zenmai.org\/wp-content\/uploads\/2023\/01\/20230115_105541-1.jpg\"><img loading=\"lazy\" decoding=\"async\" src=\"https:\/\/sgnjpnmass.zenmai.org\/wp-content\/uploads\/2023\/01\/20230115_105541-1.jpg\" alt=\"\" width=\"800\" height=\"451\" class=\"alignnone size-full wp-image-385\" srcset=\"https:\/\/sgnjpnmass.zenmai.org\/wp-content\/uploads\/2023\/01\/20230115_105541-1.jpg 800w, https:\/\/sgnjpnmass.zenmai.org\/wp-content\/uploads\/2023\/01\/20230115_105541-1-300x169.jpg 300w, https:\/\/sgnjpnmass.zenmai.org\/wp-content\/uploads\/2023\/01\/20230115_105541-1-768x433.jpg 768w\" sizes=\"auto, (max-width: 800px) 100vw, 800px\" \/><\/a><\/p>\n","protected":false},"excerpt":{"rendered":"<p>Th\u00f4ng tin chung \u0110\u01b0\u1ee3c s\u1ef1 \u0111\u1ed3ng \u00fd c\u1ee7a \u00d0\u1ee9c cha Giuse Nguy\u1ec5n N\u0103ng, T\u1ed5ng Gi\u00e1m m\u1ee5c TGP TPHCM, c\u1ed9ng \u0111o\u00e0n t\u1ed5 ch\u1ee9c Th\u00e1nh <a class=\"more-link\" href=\"https:\/\/sgnjpnmass.zenmai.org\/?page_id=130&#038;lang=vi\">\u7d9a\u304d\u3092\u8aad\u3080 <span class=\"screen-reader-text\">  H\u01b0\u1edbng d\u1eabn tham l\u1ec5<\/span><span class=\"meta-nav\">&rarr;<\/span><\/a><\/p>\n","protected":false},"author":1,"featured_media":0,"parent":0,"menu_order":0,"comment_status":"closed","ping_status":"closed","template":"","meta":{"footnotes":""},"categories":[],"tags":[],"class_list":["post-130","page","type-page","status-publish","hentry"],"_links":{"self":[{"href":"https:\/\/sgnjpnmass.zenmai.org\/index.php?rest_route=\/wp\/v2\/pages\/130","targetHints":{"allow":["GET"]}}],"collection":[{"href":"https:\/\/sgnjpnmass.zenmai.org\/index.php?rest_route=\/wp\/v2\/pages"}],"about":[{"href":"https:\/\/sgnjpnmass.zenmai.org\/index.php?rest_route=\/wp\/v2\/types\/page"}],"author":[{"embeddable":true,"href":"https:\/\/sgnjpnmass.zenmai.org\/index.php?rest_route=\/wp\/v2\/users\/1"}],"replies":[{"embeddable":true,"href":"https:\/\/sgnjpnmass.zenmai.org\/index.php?rest_route=%2Fwp%2Fv2%2Fcomments&post=130"}],"version-history":[{"count":4,"href":"https:\/\/sgnjpnmass.zenmai.org\/index.php?rest_route=\/wp\/v2\/pages\/130\/revisions"}],"predecessor-version":[{"id":533,"href":"https:\/\/sgnjpnmass.zenmai.org\/index.php?rest_route=\/wp\/v2\/pages\/130\/revisions\/533"}],"wp:attachment":[{"href":"https:\/\/sgnjpnmass.zenmai.org\/index.php?rest_route=%2Fwp%2Fv2%2Fmedia&parent=130"}],"wp:term":[{"taxonomy":"category","embeddable":true,"href":"https:\/\/sgnjpnmass.zenmai.org\/index.php?rest_route=%2Fwp%2Fv2%2Fcategories&post=130"},{"taxonomy":"post_tag","embeddable":true,"href":"https:\/\/sgnjpnmass.zenmai.org\/index.php?rest_route=%2Fwp%2Fv2%2Ftags&post=130"}],"curies":[{"name":"wp","href":"https:\/\/api.w.org\/{rel}","templated":true}]}}